{"id":2583,"date":"2023-04-05T16:02:27","date_gmt":"2023-04-21T12:28:27","guid":{"rendered":"https:\/\/www.sesido.com\/produkt\/nubo\/"},"modified":"2023-07-06T12:23:51","modified_gmt":"2023-07-06T10:23:51","slug":"nubo-canape-lit-design","status":"publish","type":"product","link":"https:\/\/www.sesido.com\/fr\/produkt\/nubo-canape-lit-design\/","title":{"rendered":"Nubo"},"content":{"rendered":"<p>La construction sans plancher et les pieds fins conf\u00e8rent \u00e0 notre Nubo une l\u00e9g\u00e8ret\u00e9 unique. Le convertible semble litt\u00e9ralement flotter et n&#8217;est pas reconnaissable en tant que tel au premier coup d&#8217;\u0153il. Comme par magie, le m\u00e9canisme du lit se d\u00e9ploie avec un matelas \u00e0 part enti\u00e8re de 200 cm de long. L&#8217;appuie-t\u00eate \u00e0 ins\u00e9rer, disponible en option, promet un confort maximal m\u00eame en position assise.   <\/p>\n","protected":false},"excerpt":{"rendered":"<p>Design sans fond avec des pieds m\u00e9talliques design et une fonction lit cach\u00e9e.<\/p>\n","protected":false},"featured_media":2037,"comment_status":"open","ping_status":"closed","template":"","meta":{"_et_pb_use_builder":"off","_et_pb_old_content":"La construction sans plancher et les pieds fins conf\u00e8rent \u00e0 notre Nubo une l\u00e9g\u00e8ret\u00e9 unique. Le convertible semble litt\u00e9ralement flotter et n'est pas reconnaissable en tant que tel au premier coup d'\u0153il. Comme par magie, le m\u00e9canisme du lit se d\u00e9ploie avec un matelas \u00e0 part enti\u00e8re de 200 cm de long. L'appuie-t\u00eate \u00e0 ins\u00e9rer, disponible en option, promet un confort maximal m\u00eame en position assise.   \n","_et_gb_content_width":"","inline_featured_image":false},"product_cat":[82],"product_tag":[],"class_list":["post-2583","product","type-product","status-publish","has-post-thumbnail","hentry","product_cat-non-categorise"],"acf":[],"_links":{"self":[{"href":"https:\/\/www.sesido.com\/fr\/wp-json\/wp\/v2\/product\/2583","targetHints":{"allow":["GET"]}}],"collection":[{"href":"https:\/\/www.sesido.com\/fr\/wp-json\/wp\/v2\/product"}],"about":[{"href":"https:\/\/www.sesido.com\/fr\/wp-json\/wp\/v2\/types\/product"}],"replies":[{"embeddable":true,"href":"https:\/\/www.sesido.com\/fr\/wp-json\/wp\/v2\/comments?post=2583"}],"wp:featuredmedia":[{"embeddable":true,"href":"https:\/\/www.sesido.com\/fr\/wp-json\/wp\/v2\/media\/2037"}],"wp:attachment":[{"href":"https:\/\/www.sesido.com\/fr\/wp-json\/wp\/v2\/media?parent=2583"}],"wp:term":[{"taxonomy":"product_cat","embeddable":true,"href":"https:\/\/www.sesido.com\/fr\/wp-json\/wp\/v2\/product_cat?post=2583"},{"taxonomy":"product_tag","embeddable":true,"href":"https:\/\/www.sesido.com\/fr\/wp-json\/wp\/v2\/product_tag?post=2583"}],"curies":[{"name":"wp","href":"https:\/\/api.w.org\/{rel}","templated":true}]}}