{"id":2582,"date":"2023-04-05T15:47:44","date_gmt":"2023-04-21T12:25:02","guid":{"rendered":"https:\/\/www.sesido.com\/produkt\/orio\/"},"modified":"2023-04-26T16:06:23","modified_gmt":"2023-04-26T14:06:23","slug":"orio-canape-convertible-confortable","status":"publish","type":"product","link":"https:\/\/www.sesido.com\/fr\/produkt\/orio-canape-convertible-confortable\/","title":{"rendered":"Orio"},"content":{"rendered":"<p>Avec Orio, l&#8217;accent est mis sur le confort. Son design rectiligne en fait un objet polyvalent et fonctionnel. Les 2 accoudoirs disponibles en 10 et 20 cm de large offrent des d\u00e9tails raffin\u00e9s comme les pochettes pour magazines, livres ou tablette soulignent sa fonctionnalit\u00e9. Orio est votre compagnon intemporel au quotidien.   <\/p>\n","protected":false},"excerpt":{"rendered":"<p>Le convertible polyvalent confortable au design intemporel et aux accoudoirs pratiques.<\/p>\n","protected":false},"featured_media":3120,"comment_status":"open","ping_status":"closed","template":"","meta":{"_et_pb_use_builder":"off","_et_pb_old_content":"Avec Orio, l'accent est mis sur le confort. Son design rectiligne en fait un objet polyvalent et fonctionnel. Les 2 accoudoirs disponibles en 10 et 20 cm de large offrent des d\u00e9tails raffin\u00e9s comme les pochettes pour magazines, livres ou tablette soulignent sa fonctionnalit\u00e9. Orio est votre compagnon intemporel au quotidien.   \n\n","_et_gb_content_width":"","inline_featured_image":false},"product_cat":[82],"product_tag":[],"class_list":["post-2582","product","type-product","status-publish","has-post-thumbnail","hentry","product_cat-non-categorise"],"acf":[],"_links":{"self":[{"href":"https:\/\/www.sesido.com\/fr\/wp-json\/wp\/v2\/product\/2582","targetHints":{"allow":["GET"]}}],"collection":[{"href":"https:\/\/www.sesido.com\/fr\/wp-json\/wp\/v2\/product"}],"about":[{"href":"https:\/\/www.sesido.com\/fr\/wp-json\/wp\/v2\/types\/product"}],"replies":[{"embeddable":true,"href":"https:\/\/www.sesido.com\/fr\/wp-json\/wp\/v2\/comments?post=2582"}],"wp:featuredmedia":[{"embeddable":true,"href":"https:\/\/www.sesido.com\/fr\/wp-json\/wp\/v2\/media\/3120"}],"wp:attachment":[{"href":"https:\/\/www.sesido.com\/fr\/wp-json\/wp\/v2\/media?parent=2582"}],"wp:term":[{"taxonomy":"product_cat","embeddable":true,"href":"https:\/\/www.sesido.com\/fr\/wp-json\/wp\/v2\/product_cat?post=2582"},{"taxonomy":"product_tag","embeddable":true,"href":"https:\/\/www.sesido.com\/fr\/wp-json\/wp\/v2\/product_tag?post=2582"}],"curies":[{"name":"wp","href":"https:\/\/api.w.org\/{rel}","templated":true}]}}