{"id":2509,"date":"2023-03-30T16:45:31","date_gmt":"2023-04-20T14:26:29","guid":{"rendered":"https:\/\/www.sesido.com\/produkt\/dorado\/"},"modified":"2023-08-04T15:57:58","modified_gmt":"2023-08-04T13:57:58","slug":"dorado-canape-convertible-moderne","status":"publish","type":"product","link":"https:\/\/www.sesido.com\/fr\/produkt\/dorado-canape-convertible-moderne\/","title":{"rendered":"Dorado"},"content":{"rendered":"<p>Dorado est le convertible ultime pour un style de vie moderne. Avec un pied m\u00e9tallique design, disponible en 9 couleurs tendance et ses d\u00e9tails de design raffin\u00e9s, vous optez pour un meuble minimaliste et accueillant. Vous conf\u00e9rez ainsi \u00e0 votre salon ou \u00e0 votre chambre d&#8217;amis un caract\u00e8re contemporain avec des d\u00e9tails raffin\u00e9s qui apportent une touche individuelle.  <\/p>\n","protected":false},"excerpt":{"rendered":"<p>Canap\u00e9 convertible moderne et minimaliste avec pied m\u00e9tallique design.<\/p>\n","protected":false},"featured_media":2076,"comment_status":"open","ping_status":"closed","template":"","meta":{"_et_pb_use_builder":"off","_et_pb_old_content":"Dorado est le convertible ultime pour un style de vie moderne. Avec un pied m\u00e9tallique design, disponible en 9 couleurs tendance et ses d\u00e9tails de design raffin\u00e9s, vous optez pour un meuble minimaliste et accueillant. Vous conf\u00e9rez ainsi \u00e0 votre salon ou \u00e0 votre chambre d'amis un caract\u00e8re contemporain avec des d\u00e9tails raffin\u00e9s qui apportent une touche individuelle.  ","_et_gb_content_width":"","inline_featured_image":false},"product_cat":[82],"product_tag":[],"class_list":["post-2509","product","type-product","status-publish","has-post-thumbnail","hentry","product_cat-non-categorise"],"acf":[],"_links":{"self":[{"href":"https:\/\/www.sesido.com\/fr\/wp-json\/wp\/v2\/product\/2509","targetHints":{"allow":["GET"]}}],"collection":[{"href":"https:\/\/www.sesido.com\/fr\/wp-json\/wp\/v2\/product"}],"about":[{"href":"https:\/\/www.sesido.com\/fr\/wp-json\/wp\/v2\/types\/product"}],"replies":[{"embeddable":true,"href":"https:\/\/www.sesido.com\/fr\/wp-json\/wp\/v2\/comments?post=2509"}],"wp:featuredmedia":[{"embeddable":true,"href":"https:\/\/www.sesido.com\/fr\/wp-json\/wp\/v2\/media\/2076"}],"wp:attachment":[{"href":"https:\/\/www.sesido.com\/fr\/wp-json\/wp\/v2\/media?parent=2509"}],"wp:term":[{"taxonomy":"product_cat","embeddable":true,"href":"https:\/\/www.sesido.com\/fr\/wp-json\/wp\/v2\/product_cat?post=2509"},{"taxonomy":"product_tag","embeddable":true,"href":"https:\/\/www.sesido.com\/fr\/wp-json\/wp\/v2\/product_tag?post=2509"}],"curies":[{"name":"wp","href":"https:\/\/api.w.org\/{rel}","templated":true}]}}