{"id":2507,"date":"2023-03-01T20:30:37","date_gmt":"2023-04-20T14:23:43","guid":{"rendered":"https:\/\/www.sesido.com\/produkt\/galaxio\/"},"modified":"2023-04-20T16:23:43","modified_gmt":"2023-04-20T14:23:43","slug":"galaxio","status":"publish","type":"product","link":"https:\/\/www.sesido.com\/fr\/produkt\/galaxio\/","title":{"rendered":"Galaxio"},"content":{"rendered":"<p>Galaxio est le convertible parfait pour les personnes soucieuses de leur style. Ses \u00e9l\u00e9gants accoudoirs et ses appuie-t\u00eate r\u00e9glables assurent une position assise et allong\u00e9e confortable. Le fin passepoil ajoute des accents visuels et conf\u00e8re au canap\u00e9 une allure raffin\u00e9e. Canap\u00e9 styl\u00e9 le jour, lit confortable la nuit, Galaxio allie harmonieusement esth\u00e9tique et confort.   <\/p>\n","protected":false},"excerpt":{"rendered":"<p>Convertible confortable avec un fin passepoil et des appuie-t\u00eate r\u00e9glables.<\/p>\n","protected":false},"featured_media":2139,"comment_status":"open","ping_status":"closed","template":"","meta":{"_et_pb_use_builder":"","_et_pb_old_content":"","_et_gb_content_width":"","inline_featured_image":false},"product_cat":[82],"product_tag":[],"class_list":["post-2507","product","type-product","status-publish","has-post-thumbnail","hentry","product_cat-non-categorise"],"acf":[],"_links":{"self":[{"href":"https:\/\/www.sesido.com\/fr\/wp-json\/wp\/v2\/product\/2507","targetHints":{"allow":["GET"]}}],"collection":[{"href":"https:\/\/www.sesido.com\/fr\/wp-json\/wp\/v2\/product"}],"about":[{"href":"https:\/\/www.sesido.com\/fr\/wp-json\/wp\/v2\/types\/product"}],"replies":[{"embeddable":true,"href":"https:\/\/www.sesido.com\/fr\/wp-json\/wp\/v2\/comments?post=2507"}],"wp:featuredmedia":[{"embeddable":true,"href":"https:\/\/www.sesido.com\/fr\/wp-json\/wp\/v2\/media\/2139"}],"wp:attachment":[{"href":"https:\/\/www.sesido.com\/fr\/wp-json\/wp\/v2\/media?parent=2507"}],"wp:term":[{"taxonomy":"product_cat","embeddable":true,"href":"https:\/\/www.sesido.com\/fr\/wp-json\/wp\/v2\/product_cat?post=2507"},{"taxonomy":"product_tag","embeddable":true,"href":"https:\/\/www.sesido.com\/fr\/wp-json\/wp\/v2\/product_tag?post=2507"}],"curies":[{"name":"wp","href":"https:\/\/api.w.org\/{rel}","templated":true}]}}