{"id":2506,"date":"2023-02-21T20:02:34","date_gmt":"2023-04-20T14:16:19","guid":{"rendered":"https:\/\/www.sesido.com\/produkt\/nokto\/"},"modified":"2023-04-20T16:16:19","modified_gmt":"2023-04-20T14:16:19","slug":"nokto","status":"publish","type":"product","link":"https:\/\/www.sesido.com\/fr\/produkt\/nokto\/","title":{"rendered":"Nokto"},"content":{"rendered":"<p>Le convertible Nokto est un v\u00e9ritable eye catcher dans chaque appartement. Gr\u00e2ce au design unique de ses accoudoirs, il est possible de changer de position assise de mani\u00e8re ludique, tout en b\u00e9n\u00e9ficiant toujours d&#8217;un confort maximal. En position de sommeil, les accoudoirs se replient et cachent discr\u00e8tement le m\u00e9canisme. Une petite poche de rangement \u00e0 l&#8217;int\u00e9rieur de l&#8217;accoudoir offre un espace de rangement suppl\u00e9mentaire. Une jolie bande, qui peut \u00eatre de couleur diff\u00e9rente, apporte une touche suppl\u00e9mentaire.<\/p>\n","protected":false},"excerpt":{"rendered":"<p>Convertible fonctionnel avec accoudoirs rabattables et bande d\u00e9corative design.<\/p>\n","protected":false},"featured_media":2001,"comment_status":"open","ping_status":"closed","template":"","meta":{"_et_pb_use_builder":"off","_et_pb_old_content":"Le convertible Nokto est un v\u00e9ritable eye catcher dans chaque appartement. Gr\u00e2ce au design unique de ses accoudoirs, il est possible de changer de position assise de mani\u00e8re ludique, tout en b\u00e9n\u00e9ficiant toujours d'un confort maximal. En position de sommeil, les accoudoirs se replient et cachent discr\u00e8tement le m\u00e9canisme. Une petite poche de rangement \u00e0 l'int\u00e9rieur de l'accoudoir offre un espace de rangement suppl\u00e9mentaire. Une jolie bande, qui peut \u00eatre de couleur diff\u00e9rente, apporte une touche suppl\u00e9mentaire.\n","_et_gb_content_width":"","inline_featured_image":false},"product_cat":[82],"product_tag":[],"class_list":["post-2506","product","type-product","status-publish","has-post-thumbnail","hentry","product_cat-non-categorise"],"acf":[],"_links":{"self":[{"href":"https:\/\/www.sesido.com\/fr\/wp-json\/wp\/v2\/product\/2506","targetHints":{"allow":["GET"]}}],"collection":[{"href":"https:\/\/www.sesido.com\/fr\/wp-json\/wp\/v2\/product"}],"about":[{"href":"https:\/\/www.sesido.com\/fr\/wp-json\/wp\/v2\/types\/product"}],"replies":[{"embeddable":true,"href":"https:\/\/www.sesido.com\/fr\/wp-json\/wp\/v2\/comments?post=2506"}],"wp:featuredmedia":[{"embeddable":true,"href":"https:\/\/www.sesido.com\/fr\/wp-json\/wp\/v2\/media\/2001"}],"wp:attachment":[{"href":"https:\/\/www.sesido.com\/fr\/wp-json\/wp\/v2\/media?parent=2506"}],"wp:term":[{"taxonomy":"product_cat","embeddable":true,"href":"https:\/\/www.sesido.com\/fr\/wp-json\/wp\/v2\/product_cat?post=2506"},{"taxonomy":"product_tag","embeddable":true,"href":"https:\/\/www.sesido.com\/fr\/wp-json\/wp\/v2\/product_tag?post=2506"}],"curies":[{"name":"wp","href":"https:\/\/api.w.org\/{rel}","templated":true}]}}