{"id":2663,"date":"2023-04-24T14:41:44","date_gmt":"2023-04-24T12:41:44","guid":{"rendered":"https:\/\/www.sesido.com\/mentions-legales\/"},"modified":"2023-04-24T14:50:36","modified_gmt":"2023-04-24T12:50:36","slug":"mentions-legales","status":"publish","type":"page","link":"https:\/\/www.sesido.com\/fr\/mentions-legales\/","title":{"rendered":"Mentions l\u00e9gales"},"content":{"rendered":"\n<h3 class=\"wp-block-heading\">MENTIONS LEGALES<\/h3>\n\n<p>www.sesido.com est un site de la soci\u00e9te\u00e9 ROM s.a.<\/p>\n\n<h3 class=\"wp-block-heading\">Editeur responsable :<\/h3>\n\n<p>ROM<br\/>Rue de l&#8217;Industrie 38<br\/>B-4700 Eupen<\/p>\n\n<p>No. de TVA: BE 0441.826.783<\/p>\n\n<h3 class=\"wp-block-heading\">CONTENU DU SITE<\/h3>\n\n<p>Tout contenu de ce site se veut informatif et non-exhaustif par rapport \u00e0 la gamme disponible et aux distributeurs repr\u00e9sentant les produits. <br\/>La soci\u00e9t\u00e9 ROM sa d\u00e9cline toute responsabilit\u00e9 &#8211; pour toute interruption du site ou survenance de bogues &#8211; pour tout dommage r\u00e9sultant d\u2019une introduction frauduleuse d\u2019un tiers ayant entra\u00een\u00e9 une modification des informations mises \u00e0 disposition sur le site, et plus g\u00e9n\u00e9ralement pour tout dommage direct ou indirect quelles qu\u2019en soient les causes, origines, natures ou cons\u00e9quences, provoqu\u00e9s \u00e0 raison de l\u2019acc\u00e8s de quiconque au site ou \u00e0 l\u2019impossibilit\u00e9 d\u2019y acc\u00e9der, de m\u00eame que l\u2019utilisation du site et\/ou du cr\u00e9dit accord\u00e9 \u00e0 une quelconque information provenant directement ou indirectement de ce dernier. En particulier, ROM sa n\u2019assume aucune responsabilit\u00e9 pour les dommages qui pourraient \u00eatre caus\u00e9s au mat\u00e9riel informatique de l\u2019internaute suite \u00e0 son acc\u00e8s au pr\u00e9sent site, utilisation ou t\u00e9l\u00e9chargement d\u2019un quelconque de ses \u00e9l\u00e9ments (donn\u00e9es, textes, images,&#8230;) <\/p>\n\n<h3 class=\"wp-block-heading\">Responsabilit\u00e9<\/h3>\n\n<p>Malgr\u00e9 un contr\u00f4le minutieux du contenu, nous n&#8217;assumons aucune responsabilit\u00e9 pour le contenu des liens externes. Les exploitants des sites web li\u00e9s sont seuls responsables de leur contenu. Le site web ainsi que ses conditions d&#8217;acc\u00e8s et d&#8217;utilisation sont r\u00e9gis par le droit belge.  <\/p>\n\n<h3 class=\"wp-block-heading\">Droits<\/h3>\n\n<p>Tous les droits pr\u00e9vus par la l\u00e9gislation belge et internationale sur le droit d&#8217;auteur et la propri\u00e9t\u00e9 intellectuelle sont express\u00e9ment r\u00e9serv\u00e9s \u00e0 ROM sa. Toute r\u00e9impression ou reproduction de quelque nature que ce soit n&#8217;est autoris\u00e9e qu&#8217;avec l&#8217;accord expr\u00e8s et \u00e9crit de l&#8217;\u00e9diteur. Les photographies, textes et images, y compris les droits sur les images, mod\u00e8les, logos et noms de produits, appartiennent exclusivement \u00e0 leurs propri\u00e9taires respectifs. La copie de tout ou partie du site est express\u00e9ment interdite. Traduit avec www.DeepL.com\/Translator (version gratuite)   <\/p>\n","protected":false},"excerpt":{"rendered":"<p>MENTIONS LEGALES www.sesido.com est un site de la soci\u00e9te\u00e9 ROM s.a. Editeur responsable : ROMRue de l&#8217;Industrie 38B-4700 Eupen No. de TVA: BE 0441.826.783 CONTENU DU SITE Tout contenu de ce site se veut informatif et non-exhaustif par rapport \u00e0 la gamme disponible et aux distributeurs repr\u00e9sentant les produits. La soci\u00e9t\u00e9 ROM sa d\u00e9cline toute [&hellip;]<\/p>\n","protected":false},"author":3,"featured_media":0,"parent":0,"menu_order":0,"comment_status":"closed","ping_status":"closed","template":"","meta":{"_et_pb_use_builder":"off","_et_pb_old_content":"","_et_gb_content_width":"","inline_featured_image":false,"footnotes":""},"class_list":["post-2663","page","type-page","status-publish","hentry"],"acf":[],"_links":{"self":[{"href":"https:\/\/www.sesido.com\/fr\/wp-json\/wp\/v2\/pages\/2663","targetHints":{"allow":["GET"]}}],"collection":[{"href":"https:\/\/www.sesido.com\/fr\/wp-json\/wp\/v2\/pages"}],"about":[{"href":"https:\/\/www.sesido.com\/fr\/wp-json\/wp\/v2\/types\/page"}],"author":[{"embeddable":true,"href":"https:\/\/www.sesido.com\/fr\/wp-json\/wp\/v2\/users\/3"}],"replies":[{"embeddable":true,"href":"https:\/\/www.sesido.com\/fr\/wp-json\/wp\/v2\/comments?post=2663"}],"version-history":[{"count":1,"href":"https:\/\/www.sesido.com\/fr\/wp-json\/wp\/v2\/pages\/2663\/revisions"}],"predecessor-version":[{"id":2664,"href":"https:\/\/www.sesido.com\/fr\/wp-json\/wp\/v2\/pages\/2663\/revisions\/2664"}],"wp:attachment":[{"href":"https:\/\/www.sesido.com\/fr\/wp-json\/wp\/v2\/media?parent=2663"}],"curies":[{"name":"wp","href":"https:\/\/api.w.org\/{rel}","templated":true}]}}