{"id":951,"date":"2023-03-30T16:45:31","date_gmt":"2023-03-30T14:45:31","guid":{"rendered":"https:\/\/www.sesido.com\/?post_type=product&#038;p=951"},"modified":"2023-05-26T11:40:05","modified_gmt":"2023-05-26T09:40:05","slug":"dorado-modernes-schlafsofa","status":"publish","type":"product","link":"https:\/\/www.sesido.com\/de\/produkt\/dorado-modernes-schlafsofa\/","title":{"rendered":"Dorado"},"content":{"rendered":"<p>Dorado ist das ultimative Schlafsofa f\u00fcr einen modernen Lebensstil. Mit einem stilvollen Metallfu\u00df, der in 9 angesagten Trendfarben erh\u00e4ltlich ist, und seinen edlen Designdetails entscheiden Sie sich f\u00fcr ein minimalistisches und einladendes M\u00f6belst\u00fcck. So verleihen Sie Ihrem Wohn- oder G\u00e4stezimmer einen zeitgem\u00e4ssen Charakter und die raffinierten Details sorgen f\u00fcr eine individuelle Note.<\/p>\n","protected":false},"excerpt":{"rendered":"<p>Zeitgem\u00e4\u00dfes, minimalistisches Schlafsofa mit stylischem Metallfu\u00df.<\/p>\n","protected":false},"featured_media":1438,"comment_status":"open","ping_status":"closed","template":"","meta":{"_et_pb_use_builder":"off","_et_pb_old_content":"Dorado ist das ultimative Schlafsofa f\u00fcr einen modernen Lebensstil. Mit einem stilvollen Metallfu\u00df, der in 9 angesagten Trendfarben erh\u00e4ltlich ist, und seinen edlen Designdetails entscheiden Sie sich f\u00fcr ein minimalistisches und einladendes M\u00f6belst\u00fcck. So verleihen Sie Ihrem Wohn- oder G\u00e4stezimmer einen zeitgem\u00e4ssen Charakter und die raffinierten Details sorgen f\u00fcr eine individuelle Note.","_et_gb_content_width":"","inline_featured_image":false},"product_cat":[27],"product_tag":[],"class_list":["post-951","product","type-product","status-publish","has-post-thumbnail","hentry","product_cat-unkategorisiert"],"acf":[],"_links":{"self":[{"href":"https:\/\/www.sesido.com\/de\/wp-json\/wp\/v2\/product\/951","targetHints":{"allow":["GET"]}}],"collection":[{"href":"https:\/\/www.sesido.com\/de\/wp-json\/wp\/v2\/product"}],"about":[{"href":"https:\/\/www.sesido.com\/de\/wp-json\/wp\/v2\/types\/product"}],"replies":[{"embeddable":true,"href":"https:\/\/www.sesido.com\/de\/wp-json\/wp\/v2\/comments?post=951"}],"wp:featuredmedia":[{"embeddable":true,"href":"https:\/\/www.sesido.com\/de\/wp-json\/wp\/v2\/media\/1438"}],"wp:attachment":[{"href":"https:\/\/www.sesido.com\/de\/wp-json\/wp\/v2\/media?parent=951"}],"wp:term":[{"taxonomy":"product_cat","embeddable":true,"href":"https:\/\/www.sesido.com\/de\/wp-json\/wp\/v2\/product_cat?post=951"},{"taxonomy":"product_tag","embeddable":true,"href":"https:\/\/www.sesido.com\/de\/wp-json\/wp\/v2\/product_tag?post=951"}],"curies":[{"name":"wp","href":"https:\/\/api.w.org\/{rel}","templated":true}]}}