{"id":655,"date":"2023-03-01T20:30:37","date_gmt":"2023-03-01T19:30:37","guid":{"rendered":"https:\/\/www.sesido.com\/?post_type=product&#038;p=655"},"modified":"2023-04-12T12:17:08","modified_gmt":"2023-04-12T10:17:08","slug":"galaxio","status":"publish","type":"product","link":"https:\/\/www.sesido.com\/de\/produkt\/galaxio\/","title":{"rendered":"Galaxio"},"content":{"rendered":"<p>Galaxio ist das perfekte Schlafsofa f\u00fcr stilbewusste Menschen. Seine eleganten Armlehnen und verstellbaren Kopfst\u00fctzen sorgen f\u00fcr eine bequeme Sitz- und Liegeposition. Der feine Keder setzt optische Akzente und verleiht dem Sofa eine edle Ausstrahlung. Tags\u00fcber ein stilvolles Sofa, nachts ein komfortables Bett &#8211; Galaxio vereint \u00c4sthetik und Komfort auf harmonische Weise.<\/p>\n","protected":false},"excerpt":{"rendered":"<p>Komfortables Schlafsofa mit feinem Keder und verstellbaren Kopfst\u00fctzen.<\/p>\n","protected":false},"featured_media":1459,"comment_status":"open","ping_status":"closed","template":"","meta":{"_et_pb_use_builder":"","_et_pb_old_content":"","_et_gb_content_width":"","inline_featured_image":false},"product_cat":[27],"product_tag":[],"class_list":["post-655","product","type-product","status-publish","has-post-thumbnail","hentry","product_cat-unkategorisiert"],"acf":[],"_links":{"self":[{"href":"https:\/\/www.sesido.com\/de\/wp-json\/wp\/v2\/product\/655","targetHints":{"allow":["GET"]}}],"collection":[{"href":"https:\/\/www.sesido.com\/de\/wp-json\/wp\/v2\/product"}],"about":[{"href":"https:\/\/www.sesido.com\/de\/wp-json\/wp\/v2\/types\/product"}],"replies":[{"embeddable":true,"href":"https:\/\/www.sesido.com\/de\/wp-json\/wp\/v2\/comments?post=655"}],"wp:featuredmedia":[{"embeddable":true,"href":"https:\/\/www.sesido.com\/de\/wp-json\/wp\/v2\/media\/1459"}],"wp:attachment":[{"href":"https:\/\/www.sesido.com\/de\/wp-json\/wp\/v2\/media?parent=655"}],"wp:term":[{"taxonomy":"product_cat","embeddable":true,"href":"https:\/\/www.sesido.com\/de\/wp-json\/wp\/v2\/product_cat?post=655"},{"taxonomy":"product_tag","embeddable":true,"href":"https:\/\/www.sesido.com\/de\/wp-json\/wp\/v2\/product_tag?post=655"}],"curies":[{"name":"wp","href":"https:\/\/api.w.org\/{rel}","templated":true}]}}