{"id":341,"date":"2023-02-21T20:02:34","date_gmt":"2023-02-21T19:02:34","guid":{"rendered":"https:\/\/www.sesido.com\/?post_type=product&#038;p=341"},"modified":"2023-04-13T11:32:46","modified_gmt":"2023-04-13T09:32:46","slug":"nokto","status":"publish","type":"product","link":"https:\/\/www.sesido.com\/de\/produkt\/nokto\/","title":{"rendered":"Nokto"},"content":{"rendered":"<p>Das Schlafsofa Nokto ist ein echter Hingucker in jeder Wohnung. Durch das einzigartige Design der Armlehnen kann man spielerisch die Sitzposition ver\u00e4ndern und erh\u00e4lt dabei immer h\u00f6chsten Komfort. In der Schlafposition klappen die Armlehnen zusammen und verbergen diskret die Mechanik. Eine kleine Aufbewahrungstasche an der Innenseite der Armlehne bietet zus\u00e4tzlichen Stauraum. Ein h\u00fcbsches Band, das farblich abgesetzt werden kann, setzt dabei zus\u00e4tzliche Akzente.<\/p>\n","protected":false},"excerpt":{"rendered":"<p>Funktions-Schlafsofa mit klappbaren Armlehnen und stylischem Zierband.<\/p>\n","protected":false},"featured_media":1406,"comment_status":"open","ping_status":"closed","template":"","meta":{"_et_pb_use_builder":"off","_et_pb_old_content":"Das Schlafsofa Nokto ist ein echter Hingucker in jeder Wohnung. Durch das einzigartige Design der Armlehnen kann man spielerisch die Sitzposition ver\u00e4ndern und erh\u00e4lt dabei immer h\u00f6chsten Komfort. In der Schlafposition klappen die Armlehnen zusammen und verbergen diskret die Mechanik. Eine kleine Aufbewahrungstasche an der Innenseite der Armlehne bietet zus\u00e4tzlichen Stauraum. Ein h\u00fcbsches Band, das farblich abgesetzt werden kann, setzt dabei zus\u00e4tzliche Akzente.\r\n","_et_gb_content_width":"","inline_featured_image":false},"product_cat":[27],"product_tag":[],"class_list":["post-341","product","type-product","status-publish","has-post-thumbnail","hentry","product_cat-unkategorisiert"],"acf":[],"_links":{"self":[{"href":"https:\/\/www.sesido.com\/de\/wp-json\/wp\/v2\/product\/341","targetHints":{"allow":["GET"]}}],"collection":[{"href":"https:\/\/www.sesido.com\/de\/wp-json\/wp\/v2\/product"}],"about":[{"href":"https:\/\/www.sesido.com\/de\/wp-json\/wp\/v2\/types\/product"}],"replies":[{"embeddable":true,"href":"https:\/\/www.sesido.com\/de\/wp-json\/wp\/v2\/comments?post=341"}],"wp:featuredmedia":[{"embeddable":true,"href":"https:\/\/www.sesido.com\/de\/wp-json\/wp\/v2\/media\/1406"}],"wp:attachment":[{"href":"https:\/\/www.sesido.com\/de\/wp-json\/wp\/v2\/media?parent=341"}],"wp:term":[{"taxonomy":"product_cat","embeddable":true,"href":"https:\/\/www.sesido.com\/de\/wp-json\/wp\/v2\/product_cat?post=341"},{"taxonomy":"product_tag","embeddable":true,"href":"https:\/\/www.sesido.com\/de\/wp-json\/wp\/v2\/product_tag?post=341"}],"curies":[{"name":"wp","href":"https:\/\/api.w.org\/{rel}","templated":true}]}}