{"id":1423,"date":"2023-04-05T16:02:27","date_gmt":"2023-04-05T14:02:27","guid":{"rendered":"https:\/\/www.sesido.com\/produkt\/orio-copy\/"},"modified":"2024-06-24T10:05:02","modified_gmt":"2024-06-24T08:05:02","slug":"nubo-sofa-mit-bettfunktion","status":"publish","type":"product","link":"https:\/\/www.sesido.com\/de\/produkt\/nubo-sofa-mit-bettfunktion\/","title":{"rendered":"Nubo"},"content":{"rendered":"<p>Die bodenfreie Konstruktion und die d\u00fcnnen F\u00fc\u00dfe verleihen unserem Nubo eine einzigartige Leichtigkeit. Das Schlafsofa scheint f\u00f6rmlich zu schweben und ist auf den ersten Blick nicht als solches zu erkennen. Wie von Zauberhand entfaltet sich die Bettmechanik mit einer vollwertigen, 200cm langen Matratze. Die optional erh\u00e4ltliche Kopfst\u00fctze zum Einstecken verspricht auch im Sitzen h\u00f6chsten Komfort.<\/p>\n","protected":false},"excerpt":{"rendered":"<p>Bodenfreies Design mit stylischen Metallf\u00fcssen und versteckter Bettfunktion.<\/p>\n","protected":false},"featured_media":1425,"comment_status":"open","ping_status":"closed","template":"","meta":{"_et_pb_use_builder":"off","_et_pb_old_content":"Die bodenfreie Konstruktion und die d\u00fcnnen F\u00fc\u00dfe verleihen unserem Nubo eine einzigartige Leichtigkeit. Das Schlafsofa scheint f\u00f6rmlich zu schweben und ist auf den ersten Blick nicht als solches zu erkennen. Wie von Zauberhand entfaltet sich die Bettmechanik mit einer vollwertigen, 200cm langen Matratze. Die optional erh\u00e4ltliche Kopfst\u00fctze zum Einstecken verspricht auch im Sitzen h\u00f6chsten Komfort.\r\n","_et_gb_content_width":"","inline_featured_image":false},"product_cat":[27],"product_tag":[],"class_list":["post-1423","product","type-product","status-publish","has-post-thumbnail","hentry","product_cat-unkategorisiert"],"acf":[],"_links":{"self":[{"href":"https:\/\/www.sesido.com\/de\/wp-json\/wp\/v2\/product\/1423","targetHints":{"allow":["GET"]}}],"collection":[{"href":"https:\/\/www.sesido.com\/de\/wp-json\/wp\/v2\/product"}],"about":[{"href":"https:\/\/www.sesido.com\/de\/wp-json\/wp\/v2\/types\/product"}],"replies":[{"embeddable":true,"href":"https:\/\/www.sesido.com\/de\/wp-json\/wp\/v2\/comments?post=1423"}],"wp:featuredmedia":[{"embeddable":true,"href":"https:\/\/www.sesido.com\/de\/wp-json\/wp\/v2\/media\/1425"}],"wp:attachment":[{"href":"https:\/\/www.sesido.com\/de\/wp-json\/wp\/v2\/media?parent=1423"}],"wp:term":[{"taxonomy":"product_cat","embeddable":true,"href":"https:\/\/www.sesido.com\/de\/wp-json\/wp\/v2\/product_cat?post=1423"},{"taxonomy":"product_tag","embeddable":true,"href":"https:\/\/www.sesido.com\/de\/wp-json\/wp\/v2\/product_tag?post=1423"}],"curies":[{"name":"wp","href":"https:\/\/api.w.org\/{rel}","templated":true}]}}