{"id":1416,"date":"2023-04-05T15:47:44","date_gmt":"2023-04-05T13:47:44","guid":{"rendered":"https:\/\/www.sesido.com\/produkt\/nokto-copy\/"},"modified":"2025-02-18T16:29:49","modified_gmt":"2025-02-18T15:29:49","slug":"orio-schlafsofa-bequem","status":"publish","type":"product","link":"https:\/\/www.sesido.com\/de\/produkt\/orio-schlafsofa-bequem\/","title":{"rendered":"Orio"},"content":{"rendered":"<p>Bei Orio liegt das Hauptaugenmerk auf dem Komfort. Sein geradliniges Design macht ihn zum funktionalen Allrounder. Die 2 verf\u00fcgbaren Armlehnen in 10 und 20cm breite bieten raffinierte Details wie die Einsteckf\u00e4cher f\u00fcr Zeitschriften, B\u00fccher oder Tablet unterstreichen seine Funktionalit\u00e4t. Orio ist Ihr zeitloser Begleiter im Alltag.<\/p>\n","protected":false},"excerpt":{"rendered":"<p>Der bequeme Allrounder mit zeitlosem Design und praktischen Armlehnen.<\/p>\n","protected":false},"featured_media":3117,"comment_status":"open","ping_status":"closed","template":"","meta":{"_et_pb_use_builder":"off","_et_pb_old_content":"Bei Orio liegt das Hauptaugenmerk auf dem Komfort. Sein geradliniges Design macht ihn zum funktionalen Allrounder. Die 2 verf\u00fcgbaren Armlehnen in 10 und 20cm breite bieten raffinierte Details wie die Einsteckf\u00e4cher f\u00fcr Zeitschriften, B\u00fccher oder Tablet unterstreichen seine Funktionalit\u00e4t. Orio ist Ihr zeitloser Begleiter im Alltag.\r\n\r\n","_et_gb_content_width":"","inline_featured_image":false},"product_cat":[27],"product_tag":[],"class_list":["post-1416","product","type-product","status-publish","has-post-thumbnail","hentry","product_cat-unkategorisiert"],"acf":[],"_links":{"self":[{"href":"https:\/\/www.sesido.com\/de\/wp-json\/wp\/v2\/product\/1416","targetHints":{"allow":["GET"]}}],"collection":[{"href":"https:\/\/www.sesido.com\/de\/wp-json\/wp\/v2\/product"}],"about":[{"href":"https:\/\/www.sesido.com\/de\/wp-json\/wp\/v2\/types\/product"}],"replies":[{"embeddable":true,"href":"https:\/\/www.sesido.com\/de\/wp-json\/wp\/v2\/comments?post=1416"}],"wp:featuredmedia":[{"embeddable":true,"href":"https:\/\/www.sesido.com\/de\/wp-json\/wp\/v2\/media\/3117"}],"wp:attachment":[{"href":"https:\/\/www.sesido.com\/de\/wp-json\/wp\/v2\/media?parent=1416"}],"wp:term":[{"taxonomy":"product_cat","embeddable":true,"href":"https:\/\/www.sesido.com\/de\/wp-json\/wp\/v2\/product_cat?post=1416"},{"taxonomy":"product_tag","embeddable":true,"href":"https:\/\/www.sesido.com\/de\/wp-json\/wp\/v2\/product_tag?post=1416"}],"curies":[{"name":"wp","href":"https:\/\/api.w.org\/{rel}","templated":true}]}}