{"id":710,"date":"2023-03-04T10:57:46","date_gmt":"2023-03-04T09:57:46","guid":{"rendered":"https:\/\/www.sesido.com\/?page_id=710"},"modified":"2023-04-24T14:50:36","modified_gmt":"2023-04-24T12:50:36","slug":"impressum","status":"publish","type":"page","link":"https:\/\/www.sesido.com\/de\/impressum\/","title":{"rendered":"Impressum"},"content":{"rendered":"\n<h3 class=\"wp-block-heading\">HAFTUNGSHINWEIS<\/h3>\n\n\n\n<p>www.sesido.com ist eine Webseite der Firma ROM sa. \u202f<\/p>\n\n\n\n<h3 class=\"wp-block-heading\">Verantwortlicher Herausgeber:<\/h3>\n\n\n\n<p>ROM<br>Industriestra\u00dfe 38<br>B-4700 Eupen<\/p>\n\n\n\n<p>Mehrwertsteuernummer: BE 0441.826.783 \u202f<\/p>\n\n\n\n<h3 class=\"wp-block-heading\">Seiteninhalt<\/h3>\n\n\n\n<p>Der Inhalt der Seiten ist ausschlie\u00dflich informativ. Trotz sorgf\u00e4ltiger Kontrolle kann die Richtigkeit der enthaltenen Informationen nicht garantiert werden.<br>Die Firma ROM lehnt jede Verantwortung ab was Inhalt und Nutzung der Webseite betrifft, ebenso in Bezug auf technische Probleme oder Angriffe Dritter, die zu einer Ver\u00e4nderung der Informationen f\u00fchrt oder zu direkten und indirekten Sch\u00e4den unabh\u00e4ngig ihrer Ursache, Herkunft, Quellen und Konsequenzen. Die Firma ROM \u00fcbernimmt keine Verantwortung gegen\u00fcber Material-Sch\u00e4den an der EDV-Ausstattung des Internetnutzers nach einem Besuch auf der Webseite oder nach Herunterladen von Dateien oder anderer Elemente der Webseite (Bilder, Texte,&#8230;)<\/p>\n\n\n\n<h3 class=\"wp-block-heading\">Haftung<\/h3>\n\n\n\n<p>Trotz sorgf\u00e4ltiger inhaltlicher Kontrolle \u00fcbernehmen wir keine Haftung f\u00fcr die Inhalte externer Links. F\u00fcr den Inhalt von verlinkten Webseiten sind ausschlie\u00dflich die Betreiber verantwortlich. Die Webseite sowie ihre Zugangs- und Nutzungsbedingungen werden durch das belgische Recht geregelt.<\/p>\n\n\n\n<h3 class=\"wp-block-heading\">Rechte<\/h3>\n\n\n\n<p>Alle Rechte nach dem belgischen und internationalen Gesetz \u00fcber das Urheberrecht und geistigem Eigentum bleiben der ROM sa ausdr\u00fccklich vorbehalten. Nachdruck oder Vervielf\u00e4ltigungen jeder Art sind nur mit ausdr\u00fccklicher und schriftlicher Genehmigung des Herausgebers gestattet. Photographien, Texte und Bilder inklusive Rechte f\u00fcr Bilder, Modelle, Logos und Produktnamen geh\u00f6ren ausschlie\u00dflich den jeweiligen Besitzern. Das Kopieren ganzer oder einzelner Teile der Webseite ist ausdr\u00fccklich untersagt.<\/p>\n","protected":false},"excerpt":{"rendered":"<p>HAFTUNGSHINWEIS www.sesido.com ist eine Webseite der Firma ROM sa. \u202f Verantwortlicher Herausgeber: ROMIndustriestra\u00dfe 38B-4700 Eupen Mehrwertsteuernummer: BE 0441.826.783 \u202f Seiteninhalt Der Inhalt der Seiten ist ausschlie\u00dflich informativ. Trotz sorgf\u00e4ltiger Kontrolle kann die Richtigkeit der enthaltenen Informationen nicht garantiert werden.Die Firma ROM lehnt jede Verantwortung ab was Inhalt und Nutzung der Webseite betrifft, ebenso in Bezug [&hellip;]<\/p>\n","protected":false},"author":3,"featured_media":0,"parent":0,"menu_order":0,"comment_status":"closed","ping_status":"closed","template":"","meta":{"_et_pb_use_builder":"off","_et_pb_old_content":"","_et_gb_content_width":"","inline_featured_image":false,"footnotes":""},"class_list":["post-710","page","type-page","status-publish","hentry"],"acf":[],"_links":{"self":[{"href":"https:\/\/www.sesido.com\/de\/wp-json\/wp\/v2\/pages\/710","targetHints":{"allow":["GET"]}}],"collection":[{"href":"https:\/\/www.sesido.com\/de\/wp-json\/wp\/v2\/pages"}],"about":[{"href":"https:\/\/www.sesido.com\/de\/wp-json\/wp\/v2\/types\/page"}],"author":[{"embeddable":true,"href":"https:\/\/www.sesido.com\/de\/wp-json\/wp\/v2\/users\/3"}],"replies":[{"embeddable":true,"href":"https:\/\/www.sesido.com\/de\/wp-json\/wp\/v2\/comments?post=710"}],"version-history":[{"count":2,"href":"https:\/\/www.sesido.com\/de\/wp-json\/wp\/v2\/pages\/710\/revisions"}],"predecessor-version":[{"id":2662,"href":"https:\/\/www.sesido.com\/de\/wp-json\/wp\/v2\/pages\/710\/revisions\/2662"}],"wp:attachment":[{"href":"https:\/\/www.sesido.com\/de\/wp-json\/wp\/v2\/media?parent=710"}],"curies":[{"name":"wp","href":"https:\/\/api.w.org\/{rel}","templated":true}]}}